{"id":571,"date":"2020-09-21T08:35:07","date_gmt":"2020-09-21T08:35:07","guid":{"rendered":"https:\/\/komberlin.com\/?page_id=571"},"modified":"2024-09-11T00:39:36","modified_gmt":"2024-09-11T00:39:36","slug":"agb","status":"publish","type":"page","link":"https:\/\/www.komberlin.com\/en\/agb\/","title":{"rendered":"AGB"},"content":{"rendered":"[vc_row type=&#8221;in_container&#8221; full_screen_row_position=&#8221;middle&#8221; column_margin=&#8221;default&#8221; column_direction=&#8221;default&#8221; column_direction_tablet=&#8221;default&#8221; column_direction_phone=&#8221;default&#8221; scene_position=&#8221;center&#8221; text_color=&#8221;dark&#8221; text_align=&#8221;left&#8221; row_border_radius=&#8221;none&#8221; row_border_radius_applies=&#8221;bg&#8221; overflow=&#8221;visible&#8221; overlay_strength=&#8221;0.3&#8243; gradient_direction=&#8221;left_to_right&#8221; shape_divider_position=&#8221;bottom&#8221; bg_image_animation=&#8221;none&#8221;][vc_column column_padding=&#8221;no-extra-padding&#8221; column_padding_tablet=&#8221;inherit&#8221; column_padding_phone=&#8221;inherit&#8221; column_padding_position=&#8221;all&#8221; column_element_direction_desktop=&#8221;default&#8221; column_element_spacing=&#8221;default&#8221; desktop_text_alignment=&#8221;default&#8221; tablet_text_alignment=&#8221;default&#8221; phone_text_alignment=&#8221;default&#8221; background_color_opacity=&#8221;1&#8243; background_hover_color_opacity=&#8221;1&#8243; column_backdrop_filter=&#8221;none&#8221; column_shadow=&#8221;none&#8221; column_border_radius=&#8221;none&#8221; column_link_target=&#8221;_self&#8221; column_position=&#8221;default&#8221; gradient_direction=&#8221;left_to_right&#8221; overlay_strength=&#8221;0.3&#8243; width=&#8221;1\/1&#8243; tablet_width_inherit=&#8221;default&#8221; animation_type=&#8221;default&#8221; bg_image_animation=&#8221;none&#8221; border_type=&#8221;simple&#8221; column_border_width=&#8221;none&#8221; column_border_style=&#8221;solid&#8221;][vc_column_text css=&#8221;&#8221; text_direction=&#8221;default&#8221;]\n<div class=\"page\" title=\"Page 1\">\n<div class=\"layoutArea\">\n<div class=\"column\">\n<p class=\"p1\"><b>AGB <\/b>Allgemeine Gesch\u00e4ftsbedingungen (AGB) der KOM Berlin Climbing Challenge 2023<\/p>\n<p class=\"p1\">Stand: 23. Januar 2023. \u00c4nderungen sind vorbehalten.<span class=\"Apple-converted-space\">\u00a0<\/span><\/p>\n<p class=\"p1\"><b>Teilnahmevoraussetzungen<\/b><span class=\"Apple-converted-space\">\u00a0<\/span><\/p>\n<p class=\"p1\">Ausrichter und alleiniger Vertragspartner aller Teilnehmer ist Bregan Koenigseker, Heynstr. 15 13187 Berlin <span class=\"s1\">https:\/\/komberlin.com<\/span>. Teilnahmeberechtigt an der KOM<span class=\"Apple-converted-space\">\u00a0 <\/span>sind alle Fahrerinnen und Fahrer (nachfolgend: Fahrer respektive Teilnehmer) mit einer registrierten Anmeldung und einer offiziellen Startnummer. Startberechtigt sind Jedermenschen unabh\u00e4ngig von einer Vereinsmitgliedschaft.<\/p>\n<p class=\"p1\">Mit der Anmeldung erkl\u00e4rt der Fahrer, diese Allgemeinen Gesch\u00e4ftsbedingungen sowie das Reglement, welches die sportliche Organisation regelt und ggf. auch nach ihrer Anmeldung unter Ber\u00fccksichtigung der berechtigten Interessen der Teilnehmer angepasst werden k\u00f6nnen, zur Kenntnis genommen zu haben und zu akzeptieren. Den Inhalten der Allgemeinen Gesch\u00e4ftsbedingungen und des Reglements ist zu entsprechen, den Anweisungen der Polizei, des Personals und der Hilfskr\u00e4fte ist jederzeit und unverz\u00fcglich Folge zu leisten.<span class=\"Apple-converted-space\">\u00a0<\/span><\/p>\n<p class=\"p1\"><b>Termin und Ort<\/b><span class=\"Apple-converted-space\">\u00a0<\/span><\/p>\n<p class=\"p1\">Die KOM Berlin Climbing Challenge 2024 findet am 13.14.<span class=\"Apple-converted-space\">\u00a0\u00a0<\/span>September 2024 auf dem Gel\u00e4nde der Heim Deponie und Recycling GmbH, Stra\u00dfe nach Arkenberge 82, 13127 Berlin statt. Zur Auswahl stehen bei der KOM Berlin Climbing Challenge 2024 folgende Disziplinen: das Arkenberge Crit und der Ultra KOM als Einzelwettbewerbe oder das Team Everesting als Mannschaftswettbewerb. Ein mal Hoch! ist ein Bergsprint-Wettbewerb, der von allen Anwesenden gefahren werden kann.<span class=\"Apple-converted-space\">\u00a0<\/span><\/p>\n<p class=\"p1\"><b>Leistungen<\/b><\/p>\n<p class=\"p1\">Im Startgeld sind folgende Leistungen enthalten:<span class=\"Apple-converted-space\">\u00a0<\/span><\/p>\n<p class=\"p1\">\u2022 gesicherte Rennstrecke<span class=\"Apple-converted-space\">\u00a0<\/span><\/p>\n<p class=\"p1\">\u2022 Streckenverpflegung<span class=\"Apple-converted-space\">\u00a0<\/span><\/p>\n<p class=\"p1\">\u2022 Ergebnisliste live und online<span class=\"Apple-converted-space\">\u00a0<\/span><\/p>\n<p class=\"p1\">\u2022 Zeitmessung mit Transpondertechnik und daraus errechnet gefahrene H\u00f6henmeter<\/p>\n<p class=\"p1\">\u2022 Parken und Camping auf dem Veranstaltungsgel\u00e4nde<\/p>\n<p class=\"p1\">\u2022 optional: Newsletter<span class=\"Apple-converted-space\">\u00a0<\/span><\/p>\n<p class=\"p1\">\u2022 optional: Social Media<span class=\"Apple-converted-space\">\u00a0<\/span><\/p>\n<p class=\"p1\"><b>Anmeldung und R\u00fccktritt<\/b><span class=\"Apple-converted-space\">\u00a0<\/span><\/p>\n<p class=\"p1\">Mit der Anmeldung best\u00e4tigt der Teilnehmer, dass er die AGB und das Reglement sorgf\u00e4ltig gelesen und akzeptiert hat. Die Anmeldung ist verbindlich. Ein R\u00fccktritt ist ausgeschlossen. Das Teilnahmerecht ist ein h\u00f6chstpers\u00f6nliches Recht und ist nicht \u00fcbertragbar. Teilnehmer d\u00fcrfen ihre Startnummer nicht ohne Zustimmung des Rennleiters auf Dritte \u00fcbertragen. Der organisatorische Veranstalter disqualifiziert Teilnehmer, welche gegen diese Regeln versto\u00dfen.<span class=\"Apple-converted-space\">\u00a0<\/span><\/p>\n<p class=\"p1\">Es gilt der zum Zeitpunkt der Anmeldung g\u00fcltige Preis f\u00fcr das ausgew\u00e4hlte Rennen. \u00c4nderungen der Preise sind vorbehalten. Offizieller Online-Meldeschluss ist am dem 6. September 2024, um 19:59 Uhr. Danach ist eine Anmeldung nur noch direkt vor Ort bei der Rennleitung bis eine halbe Stunde vor dem Start des Rennens m\u00f6glich. Bis eine halbe Stunde vor Start muss der Startplatz bezahlt sein, sonst entf\u00e4llt der Anspruch auf den Startplatz.<span class=\"Apple-converted-space\">\u00a0<\/span><\/p>\n<p class=\"p1\">Geb\u00fchren, die aufgrund fehlerhafter Bank- bzw. Kreditkartenangaben oder R\u00fccklastschriften entstehen, werden dem Teilnehmer in Rechnung gestellt.<span class=\"Apple-converted-space\">\u00a0<\/span><\/p>\n<p class=\"p1\"><b>Startunterlagen <span class=\"Apple-converted-space\">\u00a0<\/span><\/b><\/p>\n<p class=\"p1\">Ausgabe der Startnummern mit Transponder und der Startunterlagen erfolgt am Renntag auf dem Veranstaltungsgel\u00e4nde im Rennleitungsb\u00fcro. Die Ausgabe der Startunterlagen erfolgt gegen Vorlage eines amtlichen Ausweises und der Buchungsbest\u00e4tigung.<\/p>\n<p class=\"p1\"><b>Ausfall<\/b><span class=\"Apple-converted-space\">\u00a0<\/span><\/p>\n<p class=\"p1\">Der Veranstalter kann die Veranstaltung aufgrund h\u00f6herer Gewalt abbrechen oder absagen. Der Teilnehmer hat dabei keinen Anspruch auf R\u00fcckerstattung der Teilnahmegeb\u00fchr und auch nicht auf Ersatz sonstiger Kosten, wie Anreise- oder Hotelkosten.<span class=\"Apple-converted-space\"><br \/>\n<\/span><\/p>\n<p class=\"p1\">In dem Fall, dass die Veranstaltung vom Veranstalter aus finanziellen Gr\u00fcnden abgesagt wird, erhalten die Teilnehmer 75% ihres Startgeldes zur\u00fcck. Dies begr\u00fcndet sich durch bereits entstandene, nicht r\u00fcckg\u00e4ngig zu machende Kosten (<em>sunk costs<\/em>). Der Teilnehmer hat dabei keinen Anspruch auf R\u00fcckerstattung der verbleibenden 25% der Teilnahmegeb\u00fchr und auch nicht auf Ersatz sonstiger Kosten, wie Anreise- oder Hotelkosten.<\/p>\n<p class=\"p1\"><span class=\"Apple-converted-space\">\u00a0<\/span><\/p>\n<p class=\"p1\"><b>Haftungsausschluss<\/b> Die Teilnahme an der KOM Berlin Climbing Challenge erfolgt auf eigenes Risiko. Der Veranstalter haftet nicht f\u00fcr Folgen von gesundheitlichen Risiken in der Person des Teilnehmers. Der Veranstalter \u00fcbernimmt keine Haftung f\u00fcr unentgeltlich verwahrte Gegenst\u00e4nde. Ist der Veranstalter in F\u00e4llen h\u00f6herer Gewalt (z. B. beh\u00f6rdliche Anordnung, Unwetter, Terrordrohung, Feuer) berechtigt und aus Sicherheitsgr\u00fcnden verpflichtet, \u00c4nderungen in der Durchf\u00fchrung der Veranstaltung vorzunehmen oder diese abzubrechen bzw. abzusagen, besteht kein Anspruch auf R\u00fcckzahlung des Organisationsbeitrages oder weitergehende Schadenersatzanspr\u00fcche. Der Teilnehmer erkennt den Haftungsausschluss des Veranstalters f\u00fcr Sch\u00e4den jeder Art an. Der Teilnehmer wird weder gegen den Veranstalter und Sponsoren des Rennens noch gegen die Stadt oder deren Vertreter Anspr\u00fcche wegen Sch\u00e4den und Verletzungen jeder Art, die durch die Teilnahme am Rennen entstehen k\u00f6nnen, geltend machen.<\/p>\n<p class=\"p1\">Mit Empfang der Startnummer erkl\u00e4rt jeder Teilnehmer verbindlich, einen ausreichend trainierten und \u00e4rztlich unbedenklichen Gesundheitszustand zu haben und ausreichend versichert zu sein. Die Haftung des Veranstalters beschr\u00e4nkt sich auf Vorsatz und grobe Fahrl\u00e4ssigkeit, auch gegen\u00fcber Dritten. Die Haftung des Veranstalters f\u00fcr andere Sch\u00e4den als solche aus der Verletzung des Lebens, des K\u00f6rpers oder der Gesundheit ist ausgeschlossen, soweit sie nicht auf einer vors\u00e4tzlichen oder grob fahrl\u00e4ssigen Pflichtverletzung des Veranstalters, seines gesetzlichen Vertreters oder seines Erf\u00fcllungsgehilfen beruht. Bei den \u00fcbrigen Haftungsanspr\u00fcchen haftet der Veranstalter unbeschr\u00e4nkt nur bei Nichtvorhandensein der garantierten Beschaffenheit sowie f\u00fcr Vorsatz und grobe Fahrl\u00e4ssigkeit seiner gesetzlichen Vertreter und Erf\u00fcllungsgehilfen. F\u00fcr leichte Fahrl\u00e4ssigkeit haftet der Veranstalter nur, sofern eine Pflicht verletzt wird, deren Einhaltung f\u00fcr die Erreichung des Vertragszwecks von besonderer Bedeutung ist (Kardinalpflicht). Bei der leicht fahrl\u00e4ssigen Verletzung einer Kardinalpflicht ist die Haftung beschr\u00e4nkt auf das F\u00fcnffache des Organisationsbeitrages sowie auf solche Sch\u00e4den, mit deren Entstehung im Rahmen der Vertragserf\u00fcllung typischerweise gerechnet werden muss.<span class=\"Apple-converted-space\">\u00a0<\/span><\/p>\n<p class=\"p1\"><b>Einwilligungserkl\u00e4rung &amp; Datenschutz<\/b><span class=\"Apple-converted-space\">\u00a0<\/span><\/p>\n<p class=\"p1\">Der Teilnehmer erkl\u00e4rt sich damit einverstanden, dass die im Zusammenhang mit seiner Teilnahme an der Veranstaltung gemachten Fotos, Filmaufnahmen oder Interviews im Radio, Fernsehen, Internet (z. B. Internetpr\u00e4senzen, Soziale Medien, Live-Streaming, App) oder Printmedien (z. B. auf Plakaten, Flyern, Programmheft) ohne Anspruch auf Verg\u00fctung vom Veranstalter gespeichert, verbreitet und ver\u00f6ffentlicht werden d\u00fcrfen.<span class=\"Apple-converted-space\">\u00a0<\/span><\/p>\n<p class=\"p1\">Der Veranstalter speichert und verarbeitet die vom Teilnehmer bei der Anmeldung angegebenen personenbezogenen Daten zu Zwecken der Durchf\u00fchrung und Abwicklung der Veranstaltung. Dies gilt insbesondere f\u00fcr die zur Zahlungsabwicklung und Kommunikation notwendigen Daten. Der Teilnehmer erkl\u00e4rt sich ausdr\u00fccklich mit der Ver\u00f6ffentlichung von Name, Vorname, Geschlecht, Alter, Wohnort, Team, Startnummer und Ergebnis (Platzierungen und Zeiten) in allen veranstaltungsrelevanten Medien wie Online-Medien (z. B. Live-Streaming), Printmedien, App und Fernsehen einverstanden.<span class=\"Apple-converted-space\">\u00a0<\/span><\/p>\n<p class=\"p1\">Der Veranstalter gibt mit ausdr\u00fccklicher Zustimmung des Teilnehmers in der Online-Anmeldung personenbezogene Daten des Teilnehmers zu folgenden Zwecken an folgende Unternehmen weiter:<\/p>\n<div class=\"page\" title=\"Page 1\">\n<div class=\"layoutArea\">\n<div class=\"column\">\n<p>David Weinreich, Steinstra\u00dfe 14, 14776 Brandenburg<\/p>\n<\/div>\n<\/div>\n<\/div>\n<p class=\"p1\">, f\u00fchrt die Anmeldung und die Zeitmessungen der Veranstaltung durch.<span class=\"Apple-converted-space\">\u00a0<\/span><\/p>\n<p class=\"p1\">Der Teilnehmer stimmt zu, dass vom Veranstalter Name, Vorname, Anschrift, Geschlecht, Geburtsjahr, Startnummer des Teilnehmers an Berlin Timing zum Zweck der Zeitmessung, Erstellung der Starter- und Ergebnislisten inklusive Platzierungen sowie der Einstellung dieser Listen ins Internet und in die App weitergegeben, dort gespeichert und ver\u00f6ffentlicht werden d\u00fcrfen.<span class=\"Apple-converted-space\">\u00a0<\/span><\/p>\n<p class=\"p1\">Der Teilnehmer erkl\u00e4rt sich damit einverstanden, dass der Veranstalter die gespeicherten personenbezogenen Daten zu Informationszwecken f\u00fcr die Veranstaltung nutzen darf. Personenbezogene Daten werden nicht an Dritte verkauft. Der Teilnehmer ist berechtigt, der Weitergabe seiner personenbezogenen Daten zu widersprechen. Er hat dies dem Veranstalter schriftlich anzuzeigen. Hinweis: Bestimmte veranstaltungsrelevante Daten (Vorname, Name, Jahrgang, Startnummer, Platzierung und Zeiten) sind jedoch von h\u00f6herem Interesse, so dass ohne deren Speicherung, Verarbeitung und Ver\u00f6ffentlichung keine Teilnahme m\u00f6glich ist. Diese Daten werden nicht gel\u00f6scht. Die vollst\u00e4ndige Datenschutzerkl\u00e4rung des organisatorischen Veranstalters kann hier eingesehen werden:<span class=\"Apple-converted-space\">\u00a0 <\/span><a href=\"https:\/\/komberlin.com\/de\/datenschuetzerklaerung\/\"><span class=\"s1\">https:\/\/komberlin.com\/de\/datenschuetzerklaerung\/<\/span><\/a><\/p>\n<p class=\"p1\"><b>Nachhaltigkeit<span class=\"Apple-converted-space\">\u00a0<\/span><\/b><\/p>\n<p class=\"p1\">Der Veranstalter ist bestrebt, die Veranstaltung m\u00f6glichst nachhaltig und umweltfreundlich zu gestalten. Im Zuge dessen kann es im Lauf eines Veranstaltungsjahres zu Ver\u00e4nderungen in der Organisation bzw. im Warenangebot kommen. \u00dcber alle Ver\u00e4nderungen wird der Teilnehmer fr\u00fchzeitig per E-Mail, \u00fcber die Website und via Social Media informiert. Mit seiner Anmeldung akzeptiert der Teilnehmer diese m\u00f6glichen Ver\u00e4nderungen. Dem Teilnehmer entstehen keine zus\u00e4tzlichen Kosten. Ein Anspruch auf Erstattung bei Ver\u00e4nderungen besteht nicht.<span class=\"Apple-converted-space\">\u00a0<\/span><\/p>\n<p class=\"p1\"><b>Wirksamkeitsklausel<span class=\"Apple-converted-space\">\u00a0<\/span><\/b><\/p>\n<p class=\"p1\">Sollten einzelne Klauseln dieser Allgemeinen Gesch\u00e4ftsbedingungen ganz oder teilweise ung\u00fcltig sein, ber\u00fchrt dies die Wirksamkeit der \u00fcbrigen Klauseln bzw. der \u00fcbrigen Teile der betreffenden Klauseln nicht.<span class=\"Apple-converted-space\">\u00a0<\/span><\/p>\n<p class=\"p1\"><b>Anwendbares Recht<\/b><span class=\"Apple-converted-space\">\u00a0<\/span><\/p>\n<p class=\"p1\">Es gilt ausschlie\u00dflich deutsches Recht. Gerichtsstand ist Berlin.<\/p>\n<\/div>\n<\/div>\n<\/div>\n[\/vc_column_text][\/vc_column][\/vc_row]\n","protected":false},"excerpt":{"rendered":"<p>[vc_row type=&#8221;in_container&#8221; full_screen_row_position=&#8221;middle&#8221; column_margin=&#8221;default&#8221; column_direction=&#8221;default&#8221; column_direction_tablet=&#8221;default&#8221; column_direction_phone=&#8221;default&#8221; scene_position=&#8221;center&#8221; text_color=&#8221;dark&#8221; text_align=&#8221;left&#8221; row_border_radius=&#8221;none&#8221; row_border_radius_applies=&#8221;bg&#8221; overflow=&#8221;visible&#8221; overlay_strength=&#8221;0.3&#8243; gradient_direction=&#8221;left_to_right&#8221; shape_divider_position=&#8221;bottom&#8221; bg_image_animation=&#8221;none&#8221;][vc_column column_padding=&#8221;no-extra-padding&#8221; column_padding_tablet=&#8221;inherit&#8221; column_padding_phone=&#8221;inherit&#8221; column_padding_position=&#8221;all&#8221; column_element_direction_desktop=&#8221;default&#8221; column_element_spacing=&#8221;default&#8221; desktop_text_alignment=&#8221;default&#8221; tablet_text_alignment=&#8221;default&#8221; phone_text_alignment=&#8221;default&#8221; background_color_opacity=&#8221;1&#8243; background_hover_color_opacity=&#8221;1&#8243; column_backdrop_filter=&#8221;none&#8221; column_shadow=&#8221;none&#8221;&#8230;<\/p>\n","protected":false},"author":2,"featured_media":0,"parent":0,"menu_order":0,"comment_status":"closed","ping_status":"closed","template":"","meta":{"inline_featured_image":false,"footnotes":""},"class_list":["post-571","page","type-page","status-publish"],"yoast_head":"<!-- This site is optimized with the Yoast SEO plugin v25.0 - https:\/\/yoast.com\/wordpress\/plugins\/seo\/ -->\n<title>AGB - KOM Berlin<\/title>\n<meta name=\"robots\" content=\"index, follow, max-snippet:-1, max-image-preview:large, max-video-preview:-1\" \/>\n<link rel=\"canonical\" href=\"https:\/\/www.komberlin.com\/en\/agb\/\" \/>\n<meta property=\"og:locale\" content=\"en_US\" \/>\n<meta property=\"og:type\" content=\"article\" \/>\n<meta property=\"og:title\" content=\"AGB - KOM Berlin\" \/>\n<meta property=\"og:description\" content=\"[vc_row type=&#8221;in_container&#8221; full_screen_row_position=&#8221;middle&#8221; column_margin=&#8221;default&#8221; column_direction=&#8221;default&#8221; column_direction_tablet=&#8221;default&#8221; column_direction_phone=&#8221;default&#8221; scene_position=&#8221;center&#8221; text_color=&#8221;dark&#8221; text_align=&#8221;left&#8221; row_border_radius=&#8221;none&#8221; row_border_radius_applies=&#8221;bg&#8221; overflow=&#8221;visible&#8221; overlay_strength=&#8221;0.3&#8243; gradient_direction=&#8221;left_to_right&#8221; shape_divider_position=&#8221;bottom&#8221; bg_image_animation=&#8221;none&#8221;][vc_column column_padding=&#8221;no-extra-padding&#8221; column_padding_tablet=&#8221;inherit&#8221; column_padding_phone=&#8221;inherit&#8221; column_padding_position=&#8221;all&#8221; column_element_direction_desktop=&#8221;default&#8221; column_element_spacing=&#8221;default&#8221; desktop_text_alignment=&#8221;default&#8221; tablet_text_alignment=&#8221;default&#8221; phone_text_alignment=&#8221;default&#8221; background_color_opacity=&#8221;1&#8243; background_hover_color_opacity=&#8221;1&#8243; column_backdrop_filter=&#8221;none&#8221; column_shadow=&#8221;none&#8221;...\" \/>\n<meta property=\"og:url\" content=\"https:\/\/www.komberlin.com\/en\/agb\/\" \/>\n<meta property=\"og:site_name\" content=\"KOM Berlin\" \/>\n<meta property=\"article:modified_time\" content=\"2024-09-11T00:39:36+00:00\" \/>\n<meta property=\"og:image\" content=\"https:\/\/www.komberlin.com\/wp-content\/uploads\/2020\/08\/Crank_Arkenberge_BengtStiller-0461-scaled.jpg\" \/>\n\t<meta property=\"og:image:width\" content=\"2560\" \/>\n\t<meta property=\"og:image:height\" content=\"1707\" \/>\n\t<meta property=\"og:image:type\" content=\"image\/jpeg\" \/>\n<meta name=\"twitter:card\" content=\"summary_large_image\" \/>\n<meta name=\"twitter:label1\" content=\"Est. reading time\" \/>\n\t<meta name=\"twitter:data1\" content=\"6 minutes\" \/>\n<script type=\"application\/ld+json\" class=\"yoast-schema-graph\">{\"@context\":\"https:\/\/schema.org\",\"@graph\":[{\"@type\":\"WebPage\",\"@id\":\"https:\/\/www.komberlin.com\/en\/agb\/\",\"url\":\"https:\/\/www.komberlin.com\/en\/agb\/\",\"name\":\"AGB - KOM Berlin\",\"isPartOf\":{\"@id\":\"https:\/\/www.komberlin.com\/#website\"},\"datePublished\":\"2020-09-21T08:35:07+00:00\",\"dateModified\":\"2024-09-11T00:39:36+00:00\",\"breadcrumb\":{\"@id\":\"https:\/\/www.komberlin.com\/en\/agb\/#breadcrumb\"},\"inLanguage\":\"en-US\",\"potentialAction\":[{\"@type\":\"ReadAction\",\"target\":[\"https:\/\/www.komberlin.com\/en\/agb\/\"]}]},{\"@type\":\"BreadcrumbList\",\"@id\":\"https:\/\/www.komberlin.com\/en\/agb\/#breadcrumb\",\"itemListElement\":[{\"@type\":\"ListItem\",\"position\":1,\"name\":\"Home\",\"item\":\"https:\/\/www.komberlin.com\/en\/\"},{\"@type\":\"ListItem\",\"position\":2,\"name\":\"AGB\"}]},{\"@type\":\"WebSite\",\"@id\":\"https:\/\/www.komberlin.com\/#website\",\"url\":\"https:\/\/www.komberlin.com\/\",\"name\":\"KOM Berlin\",\"description\":\"Everesting Challenge\",\"potentialAction\":[{\"@type\":\"SearchAction\",\"target\":{\"@type\":\"EntryPoint\",\"urlTemplate\":\"https:\/\/www.komberlin.com\/?s={search_term_string}\"},\"query-input\":{\"@type\":\"PropertyValueSpecification\",\"valueRequired\":true,\"valueName\":\"search_term_string\"}}],\"inLanguage\":\"en-US\"}]}<\/script>\n<!-- \/ Yoast SEO plugin. -->","yoast_head_json":{"title":"AGB - KOM Berlin","robots":{"index":"index","follow":"follow","max-snippet":"max-snippet:-1","max-image-preview":"max-image-preview:large","max-video-preview":"max-video-preview:-1"},"canonical":"https:\/\/www.komberlin.com\/en\/agb\/","og_locale":"en_US","og_type":"article","og_title":"AGB - KOM Berlin","og_description":"[vc_row type=&#8221;in_container&#8221; full_screen_row_position=&#8221;middle&#8221; column_margin=&#8221;default&#8221; column_direction=&#8221;default&#8221; column_direction_tablet=&#8221;default&#8221; column_direction_phone=&#8221;default&#8221; scene_position=&#8221;center&#8221; text_color=&#8221;dark&#8221; text_align=&#8221;left&#8221; row_border_radius=&#8221;none&#8221; row_border_radius_applies=&#8221;bg&#8221; overflow=&#8221;visible&#8221; overlay_strength=&#8221;0.3&#8243; gradient_direction=&#8221;left_to_right&#8221; shape_divider_position=&#8221;bottom&#8221; bg_image_animation=&#8221;none&#8221;][vc_column column_padding=&#8221;no-extra-padding&#8221; column_padding_tablet=&#8221;inherit&#8221; column_padding_phone=&#8221;inherit&#8221; column_padding_position=&#8221;all&#8221; column_element_direction_desktop=&#8221;default&#8221; column_element_spacing=&#8221;default&#8221; desktop_text_alignment=&#8221;default&#8221; tablet_text_alignment=&#8221;default&#8221; phone_text_alignment=&#8221;default&#8221; background_color_opacity=&#8221;1&#8243; background_hover_color_opacity=&#8221;1&#8243; column_backdrop_filter=&#8221;none&#8221; column_shadow=&#8221;none&#8221;...","og_url":"https:\/\/www.komberlin.com\/en\/agb\/","og_site_name":"KOM Berlin","article_modified_time":"2024-09-11T00:39:36+00:00","og_image":[{"width":2560,"height":1707,"url":"https:\/\/www.komberlin.com\/wp-content\/uploads\/2020\/08\/Crank_Arkenberge_BengtStiller-0461-scaled.jpg","type":"image\/jpeg"}],"twitter_card":"summary_large_image","twitter_misc":{"Est. reading time":"6 minutes"},"schema":{"@context":"https:\/\/schema.org","@graph":[{"@type":"WebPage","@id":"https:\/\/www.komberlin.com\/en\/agb\/","url":"https:\/\/www.komberlin.com\/en\/agb\/","name":"AGB - KOM Berlin","isPartOf":{"@id":"https:\/\/www.komberlin.com\/#website"},"datePublished":"2020-09-21T08:35:07+00:00","dateModified":"2024-09-11T00:39:36+00:00","breadcrumb":{"@id":"https:\/\/www.komberlin.com\/en\/agb\/#breadcrumb"},"inLanguage":"en-US","potentialAction":[{"@type":"ReadAction","target":["https:\/\/www.komberlin.com\/en\/agb\/"]}]},{"@type":"BreadcrumbList","@id":"https:\/\/www.komberlin.com\/en\/agb\/#breadcrumb","itemListElement":[{"@type":"ListItem","position":1,"name":"Home","item":"https:\/\/www.komberlin.com\/en\/"},{"@type":"ListItem","position":2,"name":"AGB"}]},{"@type":"WebSite","@id":"https:\/\/www.komberlin.com\/#website","url":"https:\/\/www.komberlin.com\/","name":"KOM Berlin","description":"Everesting Challenge","potentialAction":[{"@type":"SearchAction","target":{"@type":"EntryPoint","urlTemplate":"https:\/\/www.komberlin.com\/?s={search_term_string}"},"query-input":{"@type":"PropertyValueSpecification","valueRequired":true,"valueName":"search_term_string"}}],"inLanguage":"en-US"}]}},"_links":{"self":[{"href":"https:\/\/www.komberlin.com\/en\/wp-json\/wp\/v2\/pages\/571","targetHints":{"allow":["GET"]}}],"collection":[{"href":"https:\/\/www.komberlin.com\/en\/wp-json\/wp\/v2\/pages"}],"about":[{"href":"https:\/\/www.komberlin.com\/en\/wp-json\/wp\/v2\/types\/page"}],"author":[{"embeddable":true,"href":"https:\/\/www.komberlin.com\/en\/wp-json\/wp\/v2\/users\/2"}],"replies":[{"embeddable":true,"href":"https:\/\/www.komberlin.com\/en\/wp-json\/wp\/v2\/comments?post=571"}],"version-history":[{"count":6,"href":"https:\/\/www.komberlin.com\/en\/wp-json\/wp\/v2\/pages\/571\/revisions"}],"predecessor-version":[{"id":2677,"href":"https:\/\/www.komberlin.com\/en\/wp-json\/wp\/v2\/pages\/571\/revisions\/2677"}],"wp:attachment":[{"href":"https:\/\/www.komberlin.com\/en\/wp-json\/wp\/v2\/media?parent=571"}],"curies":[{"name":"wp","href":"https:\/\/api.w.org\/{rel}","templated":true}]}}